{"id":47,"date":"2017-04-20T15:41:17","date_gmt":"2017-04-20T15:41:17","guid":{"rendered":"http:\/\/www.rockgegenkrebs.de\/?page_id=47"},"modified":"2023-06-19T13:03:48","modified_gmt":"2023-06-19T13:03:48","slug":"start","status":"publish","type":"page","link":"https:\/\/rock-gegen-krebs.de\/","title":{"rendered":"Start"},"content":{"rendered":"<p class=\"paragraph_style_1\" style=\"text-align: left;\" align=\"left\"><img loading=\"lazy\" decoding=\"async\" class=\"aligncenter wp-image-58 size-full\" src=\"https:\/\/rock-gegen-krebs.de\/wp-content\/uploads\/2017\/04\/logo.jpg\" alt=\"\" width=\"631\" height=\"138\" srcset=\"https:\/\/rock-gegen-krebs.de\/wp-content\/uploads\/2017\/04\/logo.jpg 631w, https:\/\/rock-gegen-krebs.de\/wp-content\/uploads\/2017\/04\/logo-300x66.jpg 300w\" sizes=\"auto, (max-width: 631px) 100vw, 631px\" \/><\/p>\n<p class=\"paragraph_style_1\" style=\"text-align: left;\" align=\"left\">ROCK gegen KREBS e.V. ist ein gemeinn\u00fctziger Verein, der sich ehrenamtlich f\u00fcr die Unterst\u00fctzung der Deutschen Krebshilfe e.V.<br \/>\n( ehemals Dr. Mildred Scheel Stiftung ) und anderer sozialer Einrichtungen einsetzt. Seit 2005 veranstaltet der Verein Rock-Konzerte und spendet den Reinerl\u00f6s f\u00fcr den guten Zweck.<\/p>\n<p class=\"paragraph_style_1\" style=\"text-align: left;\" align=\"left\"><img loading=\"lazy\" decoding=\"async\" class=\"aligncenter wp-image-55 size-full\" src=\"https:\/\/rock-gegen-krebs.de\/wp-content\/uploads\/2017\/04\/klaus_bueker.jpg\" alt=\"\" width=\"300\" height=\"228\"><\/p>\n<p class=\"paragraph_style_1\" style=\"text-align: left;\" align=\"left\">Klaus B\u00fcker hatte die Idee zu ROCK GEGEN KREBS, baute als ehemaliger Rattles Fan Club Leiter unbezahlbare Kontakte zu vielen Bands, Agenten und K\u00fcnstlern der sogenannten Oldie Szene auf und ist der st\u00e4ndige Motor von ROCK GEGEN KREBS. Er arbeitet, organisiert, schnorrt und k\u00e4mpft fast jeden Tag f\u00fcr ROCK GEGEN KREBS und manchmal schimpft er auch.<\/p>\n<p class=\"paragraph_style_1\" align=\"left\">Auf diese Weise sind schon \u00fcber 200.000\u20ac gespendet worden.<\/p>\n","protected":false},"excerpt":{"rendered":"<p>ROCK gegen KREBS e.V. ist ein gemeinn\u00fctziger Verein, der sich ehrenamtlich f\u00fcr die Unterst\u00fctzung der Deutschen Krebshilfe e.V. ( ehemals Dr. Mildred Scheel Stiftung ) und anderer sozialer Einrichtungen einsetzt. Seit 2005 veranstaltet der Verein Rock-Konzerte und spendet den Reinerl\u00f6s f\u00fcr den guten Zweck. Klaus B\u00fcker hatte die Idee zu ROCK GEGEN KREBS, baute als ehemaliger Rattles Fan Club Leiter unbezahlbare Kontakte zu vielen Bands, [&hellip;]<\/p>\n","protected":false},"author":2,"featured_media":350,"parent":0,"menu_order":0,"comment_status":"closed","ping_status":"closed","template":"","meta":{"ngg_post_thumbnail":0,"footnotes":""},"class_list":["post-47","page","type-page","status-publish","has-post-thumbnail","hentry"],"_links":{"self":[{"href":"https:\/\/rock-gegen-krebs.de\/index.php?rest_route=\/wp\/v2\/pages\/47","targetHints":{"allow":["GET"]}}],"collection":[{"href":"https:\/\/rock-gegen-krebs.de\/index.php?rest_route=\/wp\/v2\/pages"}],"about":[{"href":"https:\/\/rock-gegen-krebs.de\/index.php?rest_route=\/wp\/v2\/types\/page"}],"author":[{"embeddable":true,"href":"https:\/\/rock-gegen-krebs.de\/index.php?rest_route=\/wp\/v2\/users\/2"}],"replies":[{"embeddable":true,"href":"https:\/\/rock-gegen-krebs.de\/index.php?rest_route=%2Fwp%2Fv2%2Fcomments&post=47"}],"version-history":[{"count":0,"href":"https:\/\/rock-gegen-krebs.de\/index.php?rest_route=\/wp\/v2\/pages\/47\/revisions"}],"wp:featuredmedia":[{"embeddable":true,"href":"https:\/\/rock-gegen-krebs.de\/index.php?rest_route=\/wp\/v2\/media\/350"}],"wp:attachment":[{"href":"https:\/\/rock-gegen-krebs.de\/index.php?rest_route=%2Fwp%2Fv2%2Fmedia&parent=47"}],"curies":[{"name":"wp","href":"https:\/\/api.w.org\/{rel}","templated":true}]}}