{"id":15,"date":"2017-04-20T15:08:22","date_gmt":"2017-04-20T15:08:22","guid":{"rendered":"http:\/\/www.rockgegenkrebs.de\/?page_id=15"},"modified":"2023-06-19T13:23:29","modified_gmt":"2023-06-19T13:23:29","slug":"spender","status":"publish","type":"page","link":"https:\/\/rock-gegen-krebs.de\/?page_id=15","title":{"rendered":"Spender"},"content":{"rendered":"<div id=\"header_layer\">\n<div id=\"id2\" class=\"style_SkipStroke shape-with-text\">\n<div class=\"text-content style_External_630_63\">\n<div class=\"style\">\n<h3 class=\"paragraph_style\">Wir danken allen Spendern die sich f\u00fcr die gute Sache eingesetzt haben !<\/h3>\n<\/div>\n<\/div>\n<\/div>\n<\/div>\n<div>\n<p>SPENDEN UND SPENDER !<\/p>\n<p>Der ROCK GEGEN KREBS e.V. OERLINGHAUSEN ist ein gemeinn\u00fctziger Verein, der durch sein j\u00e4hrliches Rockkonzert<\/p>\n<h4>ROCK GEGEN KREBS<\/h4>\n<p>seit Beginn der Veranstaltungsreihe im Jahr 2005 insgesamt ca. 200.000 Euro f\u00fcr den Kampf gegen die Krankheit Krebs gespendet hat. Von diesem Spendenerl\u00f6s wurden verschiedene Aktionen bezahlt. So veranstaltete der Verein im Kinderkrankenhaus Bielefeld einen bunten Nachmittag mit Kakao, Kuchen, einem Zauberer und einer Kinder Rockband f\u00fcr die dortigen kleinen Patienten. Weiterhin wurden DVD, DVD Player, DVD Schr\u00e4nke usw. an das Kinderkrankenhaus Bielefeld gespendet. Das Kinderkrankenhaus Detmold erhielt eine Barspende. Ferner werden regelm\u00e4\u00dfig \u00f6rtliche Vereine &#8211; Feuerwehr, DRK, Sportverein &#8211; mit kleinen Spenden bedacht.<\/p>\n<p>Den Hauptanteil der erwirtschafteten Spenden erhielt nach den bisherigen 14 Veranstaltungen jeweils die DEUTSCHE KREBSHILFE BONN, insgesamt \u00fcber 165.000.- Euro. Die gute Zusammenarbeit des ROCK GEGEN KREBS e.V. und der Deutschen Krebshilfe Bonn hat sich bew\u00e4hrt. Zwischen den Vereinen wurde ein \u00dcbereinkommen geschlossen, dass die gespendeten Gelder dem gro\u00dfen Bereich der Krebsforschung zugef\u00fchrt wurden und weiterhin werden.<\/p>\n<p>Dieses Spendenergebnis ist nur m\u00f6glich durch die Hilfe von ca. 70-80 Helfern, welche am Veranstaltungswochenende von Freitag Nachmittag bis Sonntag Nachmittag ehrenamtlich und ohne Bezahlung einen tollen Job machen. Bei dieser Veranstaltung bekommen nur die Bands\/K\u00fcnstler, die Techniker und das Sicherheitspersonal eine Bezahlung. Ferner tragen viele Privatleute und Firmen zum Erfolg und zum Spendenergebnis bei, indem sie mit Bargeldspenden die Veranstaltung ROCK GEGEN KREBS unterst\u00fctzen ( siehe unteres Plakat ). Es wird gew\u00e4hrleistet, dass nach Abrechnung der Veranstaltung alle \u00fcbrig gebliebenen Betr\u00e4ge f\u00fcr die gute Sache gespendet werden.<\/p>\n<p>Wer sich als Privatmann oder Firma ebenfalls mit einer Spende beteiligen m\u00f6chte, kann sich beim 1. Vorsitzenden des Vereines -Klaus B\u00fcker- unter der Telefonnummer 0160 \/ 94 57 15 15 melden.<\/p>\n<p>In diesem Sinn versichert der ROCK GEGEN KREBS e.V., auch in den n\u00e4chsten Jahren den Kampf gegen den Krebs fortzusetzen, indem er Geld sammelt und spendet.<\/p>\n<p><img loading=\"lazy\" decoding=\"async\" class=\"alignnone wp-image-186\" src=\"http:\/\/boelting.org\/wp-content\/uploads\/2017\/04\/spender-254x300.jpg\" alt=\"\" width=\"397\" height=\"469\" srcset=\"https:\/\/rock-gegen-krebs.de\/wp-content\/uploads\/2017\/04\/spender-254x300.jpg 254w, https:\/\/rock-gegen-krebs.de\/wp-content\/uploads\/2017\/04\/spender.jpg 466w\" sizes=\"auto, (max-width: 397px) 100vw, 397px\" \/><\/p>\n<\/div>\n","protected":false},"excerpt":{"rendered":"<p>Wir danken allen Spendern die sich f\u00fcr die gute Sache eingesetzt haben ! SPENDEN UND SPENDER ! Der ROCK GEGEN KREBS e.V. OERLINGHAUSEN ist ein gemeinn\u00fctziger Verein, der durch sein j\u00e4hrliches Rockkonzert ROCK GEGEN KREBS seit Beginn der Veranstaltungsreihe im Jahr 2005 insgesamt ca. 200.000 Euro f\u00fcr den Kampf gegen die Krankheit Krebs gespendet hat. Von diesem Spendenerl\u00f6s wurden verschiedene Aktionen bezahlt. So veranstaltete der [&hellip;]<\/p>\n","protected":false},"author":2,"featured_media":351,"parent":0,"menu_order":0,"comment_status":"closed","ping_status":"closed","template":"","meta":{"ngg_post_thumbnail":0,"footnotes":""},"class_list":["post-15","page","type-page","status-publish","has-post-thumbnail","hentry"],"_links":{"self":[{"href":"https:\/\/rock-gegen-krebs.de\/index.php?rest_route=\/wp\/v2\/pages\/15","targetHints":{"allow":["GET"]}}],"collection":[{"href":"https:\/\/rock-gegen-krebs.de\/index.php?rest_route=\/wp\/v2\/pages"}],"about":[{"href":"https:\/\/rock-gegen-krebs.de\/index.php?rest_route=\/wp\/v2\/types\/page"}],"author":[{"embeddable":true,"href":"https:\/\/rock-gegen-krebs.de\/index.php?rest_route=\/wp\/v2\/users\/2"}],"replies":[{"embeddable":true,"href":"https:\/\/rock-gegen-krebs.de\/index.php?rest_route=%2Fwp%2Fv2%2Fcomments&post=15"}],"version-history":[{"count":0,"href":"https:\/\/rock-gegen-krebs.de\/index.php?rest_route=\/wp\/v2\/pages\/15\/revisions"}],"wp:featuredmedia":[{"embeddable":true,"href":"https:\/\/rock-gegen-krebs.de\/index.php?rest_route=\/wp\/v2\/media\/351"}],"wp:attachment":[{"href":"https:\/\/rock-gegen-krebs.de\/index.php?rest_route=%2Fwp%2Fv2%2Fmedia&parent=15"}],"curies":[{"name":"wp","href":"https:\/\/api.w.org\/{rel}","templated":true}]}}