{"id":14,"date":"2017-04-20T15:08:22","date_gmt":"2017-04-20T15:08:22","guid":{"rendered":"http:\/\/www.rockgegenkrebs.de\/?page_id=14"},"modified":"2023-06-19T13:21:56","modified_gmt":"2023-06-19T13:21:56","slug":"helfer","status":"publish","type":"page","link":"https:\/\/rock-gegen-krebs.de\/?page_id=14","title":{"rendered":"Die Helfer"},"content":{"rendered":"<p class=\"paragraph_style_1\">Am eigentlichen Veranstaltungstag sind ca. 70 ehrenamtliche Helfer im Einsatz. An den Biertheken, am Buffet, im Backstage-Bereich, auf dem Parkplatz, im Toilettenservice, die Bedienungen im Saal, und ..und.. und. \u00dcberall sind flei\u00dfige Helfer am Werk. Am Veranstaltungstag kommen sie um 10:00 Uhr und sind bis ca. 02:00 Uhr im Dauereinsatz.&nbsp; Am Tag nach dem Konzert sind sie ab 10:00 Uhr wieder vor Ort und r\u00e4umen auf, bis alle v\u00f6llig geschafft, aber mit der Arbeit fertig sind. Es ist an dieser Stelle nicht m\u00f6glich alle Helfer der vergangenen Jahre aufzuz\u00e4hlen. Alle arbeiten ehrenamtlich, ohne Bezahlung. Ohne diese Helfer&nbsp; ist eine Veranstaltung dieser Art nicht durchf\u00fchrbar.<\/p>\n<p class=\"paragraph_style_1\">Hier ein kleine Auswahl der bisherigen Helfer:<\/p>\n<p class=\"paragraph_style_2\">Die Thekentaucher der Oerlinghauser Sch\u00fctzen *<\/p>\n<p class=\"paragraph_style_2\">Die Damen am Buffet ( Frauen der Thekentaucher )*<\/p>\n<p class=\"paragraph_style_2\">Die Handballer des TSV Oerlinghausen *<\/p>\n<p class=\"paragraph_style_2\">DJ Svenni*<\/p>\n<p>Ehepaar Fillies<\/p>\n<p>Parkplatzw\u00e4chter Team Kettner<\/p>\n<p class=\"paragraph_style_2\">Frau B\u00e4nisch mit Tochter<\/p>\n<p class=\"paragraph_style_2\">Die freiwillige Feuerwehr Oerlinghausen<\/p>\n<p class=\"paragraph_style_2\">Das Deutsche Rote Kreuz Oerlinghausen<\/p>\n<p class=\"paragraph_style_2\">Die Bundeswehr Augustdorf<\/p>\n<p class=\"paragraph_style_2\">&#8230; und viele mehr<\/p>\n<p class=\"paragraph_style_2\">&#8230; wir danken ALLEN<\/p>\n<p class=\"paragraph_style_2\">&nbsp;<\/p>\nngg_shortcode_0_placeholder\n","protected":false},"excerpt":{"rendered":"<p>Am eigentlichen Veranstaltungstag sind ca. 70 ehrenamtliche Helfer im Einsatz. An den Biertheken, am Buffet, im Backstage-Bereich, auf dem Parkplatz, im Toilettenservice, die Bedienungen im Saal, und ..und.. und. \u00dcberall sind flei\u00dfige Helfer am Werk. Am Veranstaltungstag kommen sie um 10:00 Uhr und sind bis ca. 02:00 Uhr im Dauereinsatz.&nbsp; Am Tag nach dem Konzert sind sie ab 10:00 Uhr wieder vor Ort und r\u00e4umen [&hellip;]<\/p>\n","protected":false},"author":2,"featured_media":350,"parent":0,"menu_order":0,"comment_status":"closed","ping_status":"closed","template":"","meta":{"ngg_post_thumbnail":0,"footnotes":""},"class_list":["post-14","page","type-page","status-publish","has-post-thumbnail","hentry"],"_links":{"self":[{"href":"https:\/\/rock-gegen-krebs.de\/index.php?rest_route=\/wp\/v2\/pages\/14","targetHints":{"allow":["GET"]}}],"collection":[{"href":"https:\/\/rock-gegen-krebs.de\/index.php?rest_route=\/wp\/v2\/pages"}],"about":[{"href":"https:\/\/rock-gegen-krebs.de\/index.php?rest_route=\/wp\/v2\/types\/page"}],"author":[{"embeddable":true,"href":"https:\/\/rock-gegen-krebs.de\/index.php?rest_route=\/wp\/v2\/users\/2"}],"replies":[{"embeddable":true,"href":"https:\/\/rock-gegen-krebs.de\/index.php?rest_route=%2Fwp%2Fv2%2Fcomments&post=14"}],"version-history":[{"count":0,"href":"https:\/\/rock-gegen-krebs.de\/index.php?rest_route=\/wp\/v2\/pages\/14\/revisions"}],"wp:featuredmedia":[{"embeddable":true,"href":"https:\/\/rock-gegen-krebs.de\/index.php?rest_route=\/wp\/v2\/media\/350"}],"wp:attachment":[{"href":"https:\/\/rock-gegen-krebs.de\/index.php?rest_route=%2Fwp%2Fv2%2Fmedia&parent=14"}],"curies":[{"name":"wp","href":"https:\/\/api.w.org\/{rel}","templated":true}]}}