{"id":13,"date":"2017-04-20T15:08:22","date_gmt":"2017-04-20T15:08:22","guid":{"rendered":"http:\/\/www.rockgegenkrebs.de\/?page_id=13"},"modified":"2024-05-14T07:47:56","modified_gmt":"2024-05-14T07:47:56","slug":"team","status":"publish","type":"page","link":"https:\/\/rock-gegen-krebs.de\/?page_id=13","title":{"rendered":"Team"},"content":{"rendered":"<div id=\"id1\" class=\"style_SkipStroke shape-with-text\">\n<div class=\"text-content style_External_629_190\">\n<div class=\"style\">\n<p><b>Der Vorstand<\/b><\/p>\n<p>&#8211; Klaus B\u00fcker: 1. Vorsitzender (4. v. l.)<br \/>\n&#8211; Gerd Ladugga: 2. Vorsitzender (5. v. l.)<br \/>\n&#8211; Inge Krause: Beisitzerin<br \/>\n&#8211; Irena Witte (Kassenw\u00e4rtin)<br \/>\n&#8211; Norbert Barton: Beisitzer (2. v. l.)<\/p>\n<p><b>Ehrenmitglieder des Vorstandes<\/b><\/p>\n<p>&#8211; Ingo Steinmeister<br \/>\n&#8211; Rudi Doil<\/p>\n<\/div>\n<\/div>\n<\/div>\n<div id=\"id2\" class=\"style_SkipStroke shape-with-text\">\n<div class=\"text-content style_External_632_133\">\n<div class=\"style\">\n<p class=\"Body\">Diese f\u00fcnf Personen und die zwei Ehrenmitglieder bilden den Vorstand des ROCK GEGEN KREBS e.V. Sie arbeiten das ganze Jahr an der Vorbereitung einer solchen Veranstaltung. Sie wickeln das vergangene Konzert ab und bereiten die n\u00e4chste Veranstaltung vor. Sie beraten, sie planen, sie organisieren, sie sichten Bands, sie schlie\u00dfen Vertr\u00e4ge ab, sie \u00fcbernehmen ein gro\u00dfes Risiko, sie freuen sich, sie zoffen sich, sie erreichen dann doch ihr Ziel und ein tolles Spendenergebnis f\u00fcr an Krebs erkrankte Menschen, insbesondere f\u00fcr Kinder.&nbsp;<\/p>\n<p><img loading=\"lazy\" decoding=\"async\" class=\"alignnone  wp-image-664\" src=\"https:\/\/rock-gegen-krebs.de\/wp-content\/uploads\/2023\/02\/Rgk.Vorstand.Foto_-300x200.jpg\" alt=\"\" width=\"833\" height=\"555\" srcset=\"https:\/\/rock-gegen-krebs.de\/wp-content\/uploads\/2023\/02\/Rgk.Vorstand.Foto_-300x200.jpg 300w, https:\/\/rock-gegen-krebs.de\/wp-content\/uploads\/2023\/02\/Rgk.Vorstand.Foto_-1024x683.jpg 1024w, https:\/\/rock-gegen-krebs.de\/wp-content\/uploads\/2023\/02\/Rgk.Vorstand.Foto_-768x512.jpg 768w, https:\/\/rock-gegen-krebs.de\/wp-content\/uploads\/2023\/02\/Rgk.Vorstand.Foto_-1536x1024.jpg 1536w, https:\/\/rock-gegen-krebs.de\/wp-content\/uploads\/2023\/02\/Rgk.Vorstand.Foto_-2048x1365.jpg 2048w\" sizes=\"auto, (max-width: 833px) 100vw, 833px\" \/><\/p>\n<\/div>\n<\/div>\n<\/div>\n","protected":false},"excerpt":{"rendered":"<p>Der Vorstand &#8211; Klaus B\u00fcker: 1. Vorsitzender (4. v. l.) &#8211; Gerd Ladugga: 2. Vorsitzender (5. v. l.) &#8211; Inge Krause: Beisitzerin &#8211; Irena Witte (Kassenw\u00e4rtin) &#8211; Norbert Barton: Beisitzer (2. v. l.) Ehrenmitglieder des Vorstandes &#8211; Ingo Steinmeister &#8211; Rudi Doil Diese f\u00fcnf Personen und die zwei Ehrenmitglieder bilden den Vorstand des ROCK GEGEN KREBS e.V. Sie arbeiten das ganze Jahr an der Vorbereitung [&hellip;]<\/p>\n","protected":false},"author":2,"featured_media":353,"parent":0,"menu_order":0,"comment_status":"closed","ping_status":"closed","template":"","meta":{"ngg_post_thumbnail":0,"footnotes":""},"class_list":["post-13","page","type-page","status-publish","has-post-thumbnail","hentry"],"_links":{"self":[{"href":"https:\/\/rock-gegen-krebs.de\/index.php?rest_route=\/wp\/v2\/pages\/13","targetHints":{"allow":["GET"]}}],"collection":[{"href":"https:\/\/rock-gegen-krebs.de\/index.php?rest_route=\/wp\/v2\/pages"}],"about":[{"href":"https:\/\/rock-gegen-krebs.de\/index.php?rest_route=\/wp\/v2\/types\/page"}],"author":[{"embeddable":true,"href":"https:\/\/rock-gegen-krebs.de\/index.php?rest_route=\/wp\/v2\/users\/2"}],"replies":[{"embeddable":true,"href":"https:\/\/rock-gegen-krebs.de\/index.php?rest_route=%2Fwp%2Fv2%2Fcomments&post=13"}],"version-history":[{"count":0,"href":"https:\/\/rock-gegen-krebs.de\/index.php?rest_route=\/wp\/v2\/pages\/13\/revisions"}],"wp:featuredmedia":[{"embeddable":true,"href":"https:\/\/rock-gegen-krebs.de\/index.php?rest_route=\/wp\/v2\/media\/353"}],"wp:attachment":[{"href":"https:\/\/rock-gegen-krebs.de\/index.php?rest_route=%2Fwp%2Fv2%2Fmedia&parent=13"}],"curies":[{"name":"wp","href":"https:\/\/api.w.org\/{rel}","templated":true}]}}